{"id":4731,"date":"2023-04-04T12:12:45","date_gmt":"2023-04-04T10:12:45","guid":{"rendered":"http:\/\/afataularodona.cat\/?page_id=4731"},"modified":"2024-09-18T00:57:55","modified_gmt":"2024-09-17T22:57:55","slug":"contacte","status":"publish","type":"page","link":"http:\/\/afataularodona.cat\/index.php\/contacte\/","title":{"rendered":"Contacte"},"content":{"rendered":"\t\t<div data-elementor-type=\"wp-page\" data-elementor-id=\"4731\" class=\"elementor elementor-4731\">\n\t\t\t\t\t\t<section class=\"elementor-section elementor-top-section elementor-element elementor-element-f5d4af0 elementor-section-boxed elementor-section-height-default elementor-section-height-default elementor-invisible\" data-id=\"f5d4af0\" data-element_type=\"section\" data-settings=\"{&quot;animation&quot;:&quot;fadeInDown&quot;}\">\n\t\t\t\t\t\t<div class=\"elementor-container elementor-column-gap-default\">\n\t\t\t\t\t<div class=\"elementor-column elementor-col-100 elementor-top-column elementor-element elementor-element-f0fed8c\" data-id=\"f0fed8c\" data-element_type=\"column\">\n\t\t\t<div class=\"elementor-widget-wrap elementor-element-populated\">\n\t\t\t\t\t\t<section class=\"elementor-section elementor-inner-section elementor-element elementor-element-9fcd717 elementor-section-boxed elementor-section-height-default elementor-section-height-default\" data-id=\"9fcd717\" data-element_type=\"section\">\n\t\t\t\t\t\t<div class=\"elementor-container elementor-column-gap-default\">\n\t\t\t\t\t<div class=\"elementor-column elementor-col-50 elementor-inner-column elementor-element elementor-element-5f037278\" data-id=\"5f037278\" data-element_type=\"column\">\n\t\t\t<div class=\"elementor-widget-wrap elementor-element-populated\">\n\t\t\t\t\t\t<div class=\"elementor-element elementor-element-c2d208a elementor-widget elementor-widget-text-editor\" data-id=\"c2d208a\" data-element_type=\"widget\" data-widget_type=\"text-editor.default\">\n\t\t\t\t<div class=\"elementor-widget-container\">\n\t\t\t\t\t\t\t<h2>Adre\u00e7a<\/h2>\n<p><strong>Escola Taula Rodona<\/strong><br>Carrer de Frederica Montseny Ma\u00f1\u00e9, s\/n<br>08192 Sant Quirze del Vall\u00e8s<br>Barcelona<\/p>\t\t\t\t\t\t<\/div>\n\t\t\t\t<\/div>\n\t\t\t\t\t<\/div>\n\t\t<\/div>\n\t\t\t\t<div class=\"elementor-column elementor-col-50 elementor-inner-column elementor-element elementor-element-a29fb16\" data-id=\"a29fb16\" data-element_type=\"column\">\n\t\t\t<div class=\"elementor-widget-wrap elementor-element-populated\">\n\t\t\t\t\t\t<div class=\"elementor-element elementor-element-22e262c elementor-widget elementor-widget-google_maps\" data-id=\"22e262c\" data-element_type=\"widget\" data-widget_type=\"google_maps.default\">\n\t\t\t\t<div class=\"elementor-widget-container\">\n\t\t\t\t\t<div class=\"elementor-custom-embed\">\n\t\t\t<iframe loading=\"lazy\"\n\t\t\t\t\tsrc=\"https:\/\/maps.google.com\/maps?q=Escola%20Taula%20Rodona%20Sant%20Quirze%20del%20Vall%C3%A8s&#038;t=m&#038;z=14&#038;output=embed&#038;iwloc=near\"\n\t\t\t\t\ttitle=\"Escola Taula Rodona Sant Quirze del Vall\u00e8s\"\n\t\t\t\t\taria-label=\"Escola Taula Rodona Sant Quirze del Vall\u00e8s\"\n\t\t\t><\/iframe>\n\t\t<\/div>\n\t\t\t\t<\/div>\n\t\t\t\t<\/div>\n\t\t\t\t\t<\/div>\n\t\t<\/div>\n\t\t\t\t\t<\/div>\n\t\t<\/section>\n\t\t\t\t<section class=\"elementor-section elementor-inner-section elementor-element elementor-element-a88db29 elementor-section-boxed elementor-section-height-default elementor-section-height-default\" data-id=\"a88db29\" data-element_type=\"section\">\n\t\t\t\t\t\t<div class=\"elementor-container elementor-column-gap-default\">\n\t\t\t\t\t<div class=\"elementor-column elementor-col-50 elementor-inner-column elementor-element elementor-element-8f0393c\" data-id=\"8f0393c\" data-element_type=\"column\">\n\t\t\t<div class=\"elementor-widget-wrap elementor-element-populated\">\n\t\t\t\t\t\t<div class=\"elementor-element elementor-element-34dee3e0 elementor-widget__width-initial elementor-widget elementor-widget-text-editor\" data-id=\"34dee3e0\" data-element_type=\"widget\" data-widget_type=\"text-editor.default\">\n\t\t\t\t<div class=\"elementor-widget-container\">\n\t\t\t\t\t\t\t<p><!-- wp:paragraph --><\/p>\n<h2>Coordinadora de menjador i extraescolars<\/h2>\n<p><!-- \/wp:paragraph --><\/p>\n<p><!-- wp:paragraph --><\/p>\n<p>La nostra companya Bel\u00e9n Guill\u00e9n \u00e9s la coordinadora dels serveis de menjador i extraescolars, fent tamb\u00e9 de vincle entre l\u2019AFA i les fam\u00edlies.<\/p>\n<p>Per contactar amb ella:<\/p>\n<ul>\n<li><strong>Correu electr\u00f2nic:<\/strong> <a href=\"mailto:guillen-belen@aramark.es\">guillen-belen@aramark.es<\/a><\/li>\n<li><!-- \/wp:paragraph --><strong>Tel\u00e8fon:<\/strong> 650 983 668 (tamb\u00e9 mitjan\u00e7ant l\u2019aplicaci\u00f3 Whatsapp).<\/li>\n<li><strong>Horari:<\/strong> de dilluns a divendres de 7:30 a 10:30 hores i els dimecres de 16:15 a 18:15 hores.<\/li>\n<\/ul>\t\t\t\t\t\t<\/div>\n\t\t\t\t<\/div>\n\t\t\t\t\t<\/div>\n\t\t<\/div>\n\t\t\t\t<div class=\"elementor-column elementor-col-50 elementor-inner-column elementor-element elementor-element-5ff86ca\" data-id=\"5ff86ca\" data-element_type=\"column\">\n\t\t\t<div class=\"elementor-widget-wrap elementor-element-populated\">\n\t\t\t\t\t\t<div class=\"elementor-element elementor-element-b1b2a32 elementor-widget__width-initial elementor-widget elementor-widget-image\" data-id=\"b1b2a32\" data-element_type=\"widget\" data-widget_type=\"image.default\">\n\t\t\t\t<div class=\"elementor-widget-container\">\n\t\t\t\t\t\t\t\t\t\t\t\t\t<img decoding=\"async\" width=\"150\" height=\"150\" src=\"http:\/\/afataularodona.cat\/wp-content\/uploads\/2024\/04\/Contacte-150x150.png\" class=\"attachment-thumbnail size-thumbnail wp-image-5408\" alt=\"Contacte\" srcset=\"http:\/\/afataularodona.cat\/wp-content\/uploads\/2024\/04\/Contacte-150x150.png 150w, http:\/\/afataularodona.cat\/wp-content\/uploads\/2024\/04\/Contacte-300x300.png 300w, http:\/\/afataularodona.cat\/wp-content\/uploads\/2024\/04\/Contacte-1024x1024.png 1024w, http:\/\/afataularodona.cat\/wp-content\/uploads\/2024\/04\/Contacte-768x768.png 768w, http:\/\/afataularodona.cat\/wp-content\/uploads\/2024\/04\/Contacte-1536x1536.png 1536w, http:\/\/afataularodona.cat\/wp-content\/uploads\/2024\/04\/Contacte-2048x2048.png 2048w, http:\/\/afataularodona.cat\/wp-content\/uploads\/2024\/04\/Contacte-70x70.png 70w, http:\/\/afataularodona.cat\/wp-content\/uploads\/2024\/04\/Contacte-246x246.png 246w, http:\/\/afataularodona.cat\/wp-content\/uploads\/2024\/04\/Contacte-276x276.png 276w, http:\/\/afataularodona.cat\/wp-content\/uploads\/2024\/04\/Contacte-125x125.png 125w\" sizes=\"(max-width: 150px) 100vw, 150px\" \/>\t\t\t\t\t\t\t\t\t\t\t\t\t<\/div>\n\t\t\t\t<\/div>\n\t\t\t\t\t<\/div>\n\t\t<\/div>\n\t\t\t\t\t<\/div>\n\t\t<\/section>\n\t\t\t\t<section class=\"elementor-section elementor-inner-section elementor-element elementor-element-ef8ab30 elementor-section-boxed elementor-section-height-default elementor-section-height-default\" data-id=\"ef8ab30\" data-element_type=\"section\">\n\t\t\t\t\t\t<div class=\"elementor-container elementor-column-gap-default\">\n\t\t\t\t\t<div class=\"elementor-column elementor-col-50 elementor-inner-column elementor-element elementor-element-903bb2b\" data-id=\"903bb2b\" data-element_type=\"column\">\n\t\t\t<div class=\"elementor-widget-wrap elementor-element-populated\">\n\t\t\t\t\t\t<div class=\"elementor-element elementor-element-869359b elementor-widget elementor-widget-image\" data-id=\"869359b\" data-element_type=\"widget\" data-widget_type=\"image.default\">\n\t\t\t\t<div class=\"elementor-widget-container\">\n\t\t\t\t\t\t\t\t\t\t\t\t\t<img decoding=\"async\" width=\"150\" height=\"150\" src=\"http:\/\/afataularodona.cat\/wp-content\/uploads\/2024\/04\/Mail-e1714473607845-150x150.png\" class=\"attachment-thumbnail size-thumbnail wp-image-5415\" alt=\"Correu electr\u00f2nic\" srcset=\"http:\/\/afataularodona.cat\/wp-content\/uploads\/2024\/04\/Mail-e1714473607845-150x150.png 150w, http:\/\/afataularodona.cat\/wp-content\/uploads\/2024\/04\/Mail-e1714473607845-300x300.png 300w, http:\/\/afataularodona.cat\/wp-content\/uploads\/2024\/04\/Mail-e1714473607845-70x70.png 70w, http:\/\/afataularodona.cat\/wp-content\/uploads\/2024\/04\/Mail-e1714473607845-246x246.png 246w, http:\/\/afataularodona.cat\/wp-content\/uploads\/2024\/04\/Mail-e1714473607845-276x276.png 276w, http:\/\/afataularodona.cat\/wp-content\/uploads\/2024\/04\/Mail-e1714473607845-125x125.png 125w, http:\/\/afataularodona.cat\/wp-content\/uploads\/2024\/04\/Mail-e1714473607845.png 600w\" sizes=\"(max-width: 150px) 100vw, 150px\" \/>\t\t\t\t\t\t\t\t\t\t\t\t\t<\/div>\n\t\t\t\t<\/div>\n\t\t\t\t\t<\/div>\n\t\t<\/div>\n\t\t\t\t<div class=\"elementor-column elementor-col-50 elementor-inner-column elementor-element elementor-element-8af3607\" data-id=\"8af3607\" data-element_type=\"column\">\n\t\t\t<div class=\"elementor-widget-wrap elementor-element-populated\">\n\t\t\t\t\t\t<div class=\"elementor-element elementor-element-88efdab elementor-widget elementor-widget-text-editor\" data-id=\"88efdab\" data-element_type=\"widget\" data-widget_type=\"text-editor.default\">\n\t\t\t\t<div class=\"elementor-widget-container\">\n\t\t\t\t\t\t\t<h2 style=\"text-align: justify;\">Contacte<strong> general i Comissions<\/strong><\/h2>\n<p style=\"text-align: justify;\">Per contactar amb l\u2019AFA a nivell general podeu enviar un correu electr\u00f2nic a\u00a0<strong><a href=\"mailto:ampataularodona@gmail.com\">ampataularodona@gmail.com<\/a><\/strong>.<\/p>\n<p style=\"text-align: justify;\">Si voleu contactar directament amb alguna comissi\u00f3, teniu disponibles els seg\u00fcents correus electr\u00f2nics:<\/p>\n<ul>\n<li style=\"text-align: justify;\"><a href=\"mailto:casals.afataularodona@gmail.com\">casals.afataularodona@gmail.com<\/a><\/li>\n<li style=\"text-align: justify;\"><a href=\"mailto:extraescolars.afataularodona@gmail.com\">extraescolars.afataularodona@gmail.com<\/a><\/li>\n<li style=\"text-align: justify;\"><a href=\"mailto:festes.afataularodona@gmail.com\">festes.afataularodona@gmail.com<\/a><\/li>\n<li><a href=\"mailto:menjador.afataularodona@gmail.com\">menjador.afataularodona@gmail.com<\/a><\/li>\n<li><a href=\"mailto:nee.afataularodona@gmail.com\">nee.afataularodona@gmail.com<\/a><\/li>\n<li><a href=\"mailto:pedagogica.afataularodona@gmail.com\">pedagogica.afataularodona@gmail.com<\/a><\/li>\n<li style=\"text-align: justify;\"><a style=\"background-color: #ffffff;\" href=\"mailto:projectes.afataularodona@gmail.com\">projectes.afataularodona@gmail.com<\/a><\/li>\n<li><a href=\"mailto:tresoreria.afataularodona@gmail.com\">tresoreria.afataularodona@gmail.com<\/a><\/li>\n<\/ul>\t\t\t\t\t\t<\/div>\n\t\t\t\t<\/div>\n\t\t\t\t\t<\/div>\n\t\t<\/div>\n\t\t\t\t\t<\/div>\n\t\t<\/section>\n\t\t\t\t<section class=\"elementor-section elementor-inner-section elementor-element elementor-element-2639d00 elementor-section-boxed elementor-section-height-default elementor-section-height-default\" data-id=\"2639d00\" data-element_type=\"section\">\n\t\t\t\t\t\t<div class=\"elementor-container elementor-column-gap-default\">\n\t\t\t\t\t<div class=\"elementor-column elementor-col-50 elementor-inner-column elementor-element elementor-element-d6c6117\" data-id=\"d6c6117\" data-element_type=\"column\">\n\t\t\t<div class=\"elementor-widget-wrap elementor-element-populated\">\n\t\t\t\t\t\t<div class=\"elementor-element elementor-element-195f809 elementor-widget elementor-widget-text-editor\" data-id=\"195f809\" data-element_type=\"widget\" data-widget_type=\"text-editor.default\">\n\t\t\t\t<div class=\"elementor-widget-container\">\n\t\t\t\t\t\t\t<h2>Instagram<\/h2>\n<p>No dubteu en seguir-nos a Instagram! Ens trobareu a <strong><a href=\"https:\/\/www.instagram.com\/afataularodona\/\" target=\"_blank\" rel=\"noopener\">@afataularodona<\/a><\/strong>.<\/p>\t\t\t\t\t\t<\/div>\n\t\t\t\t<\/div>\n\t\t\t\t<div class=\"elementor-element elementor-element-a609ccd elementor-widget elementor-widget-image\" data-id=\"a609ccd\" data-element_type=\"widget\" data-widget_type=\"image.default\">\n\t\t\t\t<div class=\"elementor-widget-container\">\n\t\t\t\t\t\t\t\t\t\t\t\t\t\t<a href=\"https:\/\/www.instagram.com\/afataularodona\/\" target=\"_blank\">\n\t\t\t\t\t\t\t<img decoding=\"async\" src=\"http:\/\/afataularodona.cat\/wp-content\/uploads\/elementor\/thumbs\/IG-TR-e1714471672433-qngtx6fypwybe42cf3s6zentwwos8ogqyhcwef6ghs.png\" title=\"Instagram Taula Rodona\" alt=\"Instagram Taula Rodona\" loading=\"lazy\" \/>\t\t\t\t\t\t\t\t<\/a>\n\t\t\t\t\t\t\t\t\t\t\t\t\t<\/div>\n\t\t\t\t<\/div>\n\t\t\t\t\t<\/div>\n\t\t<\/div>\n\t\t\t\t<div class=\"elementor-column elementor-col-50 elementor-inner-column elementor-element elementor-element-053a597\" data-id=\"053a597\" data-element_type=\"column\">\n\t\t\t<div class=\"elementor-widget-wrap elementor-element-populated\">\n\t\t\t\t\t\t<div class=\"elementor-element elementor-element-e48e308 elementor-widget elementor-widget-image\" data-id=\"e48e308\" data-element_type=\"widget\" data-widget_type=\"image.default\">\n\t\t\t\t<div class=\"elementor-widget-container\">\n\t\t\t\t\t\t\t\t\t\t\t\t\t\t<a href=\"https:\/\/www.instagram.com\/afataularodona\/\">\n\t\t\t\t\t\t\t<img decoding=\"async\" width=\"150\" height=\"150\" src=\"http:\/\/afataularodona.cat\/wp-content\/uploads\/2024\/04\/IG_logo-150x150.png\" class=\"attachment-thumbnail size-thumbnail wp-image-5357\" alt=\"\" srcset=\"http:\/\/afataularodona.cat\/wp-content\/uploads\/2024\/04\/IG_logo-150x150.png 150w, http:\/\/afataularodona.cat\/wp-content\/uploads\/2024\/04\/IG_logo-70x70.png 70w, http:\/\/afataularodona.cat\/wp-content\/uploads\/2024\/04\/IG_logo-125x125.png 125w, http:\/\/afataularodona.cat\/wp-content\/uploads\/2024\/04\/IG_logo.png 241w\" sizes=\"(max-width: 150px) 100vw, 150px\" \/>\t\t\t\t\t\t\t\t<\/a>\n\t\t\t\t\t\t\t\t\t\t\t\t\t<\/div>\n\t\t\t\t<\/div>\n\t\t\t\t\t<\/div>\n\t\t<\/div>\n\t\t\t\t\t<\/div>\n\t\t<\/section>\n\t\t\t\t\t<\/div>\n\t\t<\/div>\n\t\t\t\t\t<\/div>\n\t\t<\/section>\n\t\t\t\t<\/div>\n\t\t","protected":false},"excerpt":{"rendered":"<p>Adre\u00e7a Escola Taula RodonaCarrer de Frederica Montseny Ma\u00f1\u00e9, s\/n08192 Sant Quirze del Vall\u00e8sBarcelona Coordinadora de menjador i extraescolars La nostra &hellip; <\/p>\n","protected":false},"author":1,"featured_media":0,"parent":0,"menu_order":0,"comment_status":"closed","ping_status":"closed","template":"","meta":{"footnotes":""},"class_list":["post-4731","page","type-page","status-publish","hentry"],"_links":{"self":[{"href":"http:\/\/afataularodona.cat\/index.php\/wp-json\/wp\/v2\/pages\/4731","targetHints":{"allow":["GET"]}}],"collection":[{"href":"http:\/\/afataularodona.cat\/index.php\/wp-json\/wp\/v2\/pages"}],"about":[{"href":"http:\/\/afataularodona.cat\/index.php\/wp-json\/wp\/v2\/types\/page"}],"author":[{"embeddable":true,"href":"http:\/\/afataularodona.cat\/index.php\/wp-json\/wp\/v2\/users\/1"}],"replies":[{"embeddable":true,"href":"http:\/\/afataularodona.cat\/index.php\/wp-json\/wp\/v2\/comments?post=4731"}],"version-history":[{"count":87,"href":"http:\/\/afataularodona.cat\/index.php\/wp-json\/wp\/v2\/pages\/4731\/revisions"}],"predecessor-version":[{"id":5840,"href":"http:\/\/afataularodona.cat\/index.php\/wp-json\/wp\/v2\/pages\/4731\/revisions\/5840"}],"wp:attachment":[{"href":"http:\/\/afataularodona.cat\/index.php\/wp-json\/wp\/v2\/media?parent=4731"}],"curies":[{"name":"wp","href":"https:\/\/api.w.org\/{rel}","templated":true}]}}