{"id":4740,"date":"2023-04-07T10:56:48","date_gmt":"2023-04-07T08:56:48","guid":{"rendered":"http:\/\/afataularodona.cat\/?page_id=4740"},"modified":"2025-05-13T12:13:16","modified_gmt":"2025-05-13T10:13:16","slug":"serveis","status":"publish","type":"page","link":"http:\/\/afataularodona.cat\/index.php\/serveis\/","title":{"rendered":"Serveis"},"content":{"rendered":"\t\t<div data-elementor-type=\"wp-page\" data-elementor-id=\"4740\" class=\"elementor elementor-4740\">\n\t\t\t\t\t\t<section class=\"elementor-section elementor-top-section elementor-element elementor-element-34eea855 elementor-section-boxed elementor-section-height-default elementor-section-height-default\" data-id=\"34eea855\" data-element_type=\"section\" data-settings=\"{&quot;animation&quot;:&quot;none&quot;}\">\n\t\t\t\t\t\t<div class=\"elementor-container elementor-column-gap-default\">\n\t\t\t\t\t<div class=\"elementor-column elementor-col-100 elementor-top-column elementor-element elementor-element-41ff4393\" data-id=\"41ff4393\" data-element_type=\"column\">\n\t\t\t<div class=\"elementor-widget-wrap elementor-element-populated\">\n\t\t\t\t\t\t<div class=\"elementor-element elementor-element-d0e269b elementor-widget__width-initial elementor-widget elementor-widget-text-editor\" data-id=\"d0e269b\" data-element_type=\"widget\" data-widget_type=\"text-editor.default\">\n\t\t\t\t<div class=\"elementor-widget-container\">\n\t\t\t\t\t\t\t<h2><strong>Quins serveis organitza l\u2019AFA?<\/strong><\/h2>\n<p><!-- \/wp:paragraph --><\/p>\n<p><!-- wp:paragraph --><\/p>\n<p>L&#8217;AFA, entre d&#8217;altres, gestiona els seg\u00fcents serveis:<\/p>\n<ul>\n<li>Asseguran\u00e7a nominal.<\/li>\n<li>SAM (Servei d&#8217;Acollida Matinal) i SAT (Servei d\u2019Acollida de Tarda).<\/li>\n<li>Servei de menjador.<\/li>\n<li>Activitats extraescolars.<\/li>\n<li>Casals i ludoteques.<\/li>\n<li>Venda de xandalls i bates.<\/li>\n<li>Aportacions de material a l&#8217;escola.<\/li>\n<li>Projectes de millora a l&#8217;escola.<\/li>\n<li>Xerrades pedag\u00f2giques.<\/li>\n<\/ul>\t\t\t\t\t\t<\/div>\n\t\t\t\t<\/div>\n\t\t\t\t<div class=\"elementor-element elementor-element-45850fe elementor-widget__width-initial elementor-widget elementor-widget-text-editor\" data-id=\"45850fe\" data-element_type=\"widget\" id=\"menjador\" data-widget_type=\"text-editor.default\">\n\t\t\t\t<div class=\"elementor-widget-container\">\n\t\t\t\t\t\t\t<h2>Servei de menjador<\/h2>\t\t\t\t\t\t<\/div>\n\t\t\t\t<\/div>\n\t\t\t\t<section class=\"elementor-section elementor-inner-section elementor-element elementor-element-9d117b5 elementor-section-boxed elementor-section-height-default elementor-section-height-default\" data-id=\"9d117b5\" data-element_type=\"section\">\n\t\t\t\t\t\t<div class=\"elementor-container elementor-column-gap-default\">\n\t\t\t\t\t<div class=\"elementor-column elementor-col-50 elementor-inner-column elementor-element elementor-element-8017c58\" data-id=\"8017c58\" data-element_type=\"column\">\n\t\t\t<div class=\"elementor-widget-wrap elementor-element-populated\">\n\t\t\t\t\t\t<div class=\"elementor-element elementor-element-76130cd elementor-widget elementor-widget-text-editor\" data-id=\"76130cd\" data-element_type=\"widget\" data-widget_type=\"text-editor.default\">\n\t\t\t\t<div class=\"elementor-widget-container\">\n\t\t\t\t\t\t\t<p><!-- wp:paragraph --><\/p>\n<p>El Taula Rodona t\u00e9 cuina pr\u00f2pia i all\u00e0 es preparen di\u00e0riament els men\u00fas dels infants que dinen al menjador de l&#8217;escola. El servei de menjador est\u00e0 subcontractat a l\u2019empresa Aramark.\u00a0<\/p>\n<p>La Comissi\u00f3 de menjador de l&#8217;AFA s&#8217;ocupa de gestionar\u00a0amb l\u2019empresa prove\u00efdora del servei tots els aspectes relatius als men\u00fas que mengen els nostres infants, aix\u00ed com els espais i les condicions en qu\u00e8 ho fan. Aramark, a trav\u00e9s de la web o l\u2019aplicaci\u00f3 m\u00f2bil gratu\u00efta <a href=\"https:\/\/www.elgustdecreixer.cat\/\" target=\"_blank\" rel=\"noopener\"><em>El gust de cr\u00e9ixer<\/em><\/a>, posa a l\u2019abast de les fam\u00edlies els men\u00fas aix\u00ed com propostes nutricionals per una alimentaci\u00f3 saludable.<\/p>\n<p>Podeu consultar la guia de l&#8217;aplicaci\u00f3 <em>El gust de cr\u00e9ixer<\/em> aqu\u00ed: \u00a0 \u00a0 <a style=\"background-color: #ffffff;\" href=\"http:\/\/afataularodona.cat\/wp-content\/uploads\/2024\/06\/El-gust-de-creixer.pdf\" target=\"_blank\" rel=\"noopener\"><img decoding=\"async\" class=\"alignnone\" src=\"http:\/\/afataularodona.cat\/wp-content\/uploads\/2024\/04\/PDF_file_icon-150x150.png\" alt=\"Cat\u00e0leg d'extraescolars\" width=\"50\" height=\"61\" \/><\/a><\/p>\n<p><strong>Preus del servei:<\/strong><br \/>El preu del servei del menjador ve marcat per la Generalitat de Catalunya i pot variar d\u2019un any a un altre. Per al curs 2023-24 \u00e9s:<\/p>\n<p><!-- \/wp:paragraph --><\/p>\n<ul>\n<li style=\"list-style-type: none;\">\n<ul>\n<li>Preu alumne habitual*: 6,91\u20ac \/ dia<\/li>\n<\/ul>\n<ul>\n<li>Preu alumne espor\u00e0dic: 7,60\u20ac \/ dia<\/li>\n<\/ul>\n<\/li>\n<\/ul>\n<p><!-- \/wp:list-item --><\/p>\n<p><!-- \/wp:list --><\/p>\n<p><!-- wp:paragraph --><\/p>\n<h5>* Es considera com habitual aquell nen o nena que sempre fa el mateix horari, per exemple, una nena que es queda a menjador tots els dimecres.<\/h5>\n<p><!-- \/wp:paragraph --><\/p>\n<p><!-- wp:paragraph --><\/p>\t\t\t\t\t\t<\/div>\n\t\t\t\t<\/div>\n\t\t\t\t\t<\/div>\n\t\t<\/div>\n\t\t\t\t<div class=\"elementor-column elementor-col-50 elementor-inner-column elementor-element elementor-element-ae43f2b\" data-id=\"ae43f2b\" data-element_type=\"column\">\n\t\t\t<div class=\"elementor-widget-wrap elementor-element-populated\">\n\t\t\t\t\t\t<div class=\"elementor-element elementor-element-4624c93 elementor-widget elementor-widget-image\" data-id=\"4624c93\" data-element_type=\"widget\" data-widget_type=\"image.default\">\n\t\t\t\t<div class=\"elementor-widget-container\">\n\t\t\t\t\t\t\t\t\t\t\t\t\t<img decoding=\"async\" src=\"http:\/\/afataularodona.cat\/wp-content\/uploads\/elementor\/thumbs\/Menjador-qnee0l9abbwib6pod90rkfzoknsfxkb1yiewxh1rpk.jpg\" title=\"Menjador\" alt=\"Menjador\" loading=\"lazy\" \/>\t\t\t\t\t\t\t\t\t\t\t\t\t<\/div>\n\t\t\t\t<\/div>\n\t\t\t\t<div class=\"elementor-element elementor-element-a0dacfe elementor-widget elementor-widget-text-editor\" data-id=\"a0dacfe\" data-element_type=\"widget\" data-widget_type=\"text-editor.default\">\n\t\t\t\t<div class=\"elementor-widget-container\">\n\t\t\t\t\t\t\t<p><!-- wp:paragraph --><\/p>\t\t\t\t\t\t<\/div>\n\t\t\t\t<\/div>\n\t\t\t\t\t<\/div>\n\t\t<\/div>\n\t\t\t\t\t<\/div>\n\t\t<\/section>\n\t\t\t\t<div class=\"elementor-element elementor-element-6e16a0c elementor-widget elementor-widget-text-editor\" data-id=\"6e16a0c\" data-element_type=\"widget\" id=\"extraescolars\" data-widget_type=\"text-editor.default\">\n\t\t\t\t<div class=\"elementor-widget-container\">\n\t\t\t\t\t\t\t<h2>Extraescolars i acollides<\/h2>\t\t\t\t\t\t<\/div>\n\t\t\t\t<\/div>\n\t\t\t\t<section class=\"elementor-section elementor-inner-section elementor-element elementor-element-6f620e7 elementor-section-boxed elementor-section-height-default elementor-section-height-default\" data-id=\"6f620e7\" data-element_type=\"section\">\n\t\t\t\t\t\t<div class=\"elementor-container elementor-column-gap-default\">\n\t\t\t\t\t<div class=\"elementor-column elementor-col-50 elementor-inner-column elementor-element elementor-element-61b12b8\" data-id=\"61b12b8\" data-element_type=\"column\">\n\t\t\t<div class=\"elementor-widget-wrap elementor-element-populated\">\n\t\t\t\t\t\t<div class=\"elementor-element elementor-element-c31dc10 elementor-widget elementor-widget-text-editor\" data-id=\"c31dc10\" data-element_type=\"widget\" data-widget_type=\"text-editor.default\">\n\t\t\t\t<div class=\"elementor-widget-container\">\n\t\t\t\t\t\t\t<p style=\"text-align: start;\"><span style=\"text-align: justify; font-size: 18px;\">L&#8217;AFA Taula Rodona, a trav\u00e9s de la Comissi\u00f3 d&#8217;Extraescolars\u00a0<\/span><span style=\"text-align: justify; font-size: 18px;\">gestiona el cat\u00e0leg d\u2019activitats formatives i l\u00fadiques que s\u2019ofereixen en horari no lectiu, aix\u00ed com la relaci\u00f3 amb tots els prove\u00efdors d\u2019aquestes activitats.<\/span><\/p>\n<p><strong><span style=\"text-align: justify;\">Us recordem que per poder inscriure&#8217;s a les activitats extraescolars i recollides organitzades per l&#8217;AFA, \u00e9s necessari haver pagat la quota anual d&#8217;associaci\u00f3 a l&#8217;AFA.<\/span><\/strong><\/p>\n<p>Podeu consultar el cat\u00e0leg de les activitats extraescolars (curs 2024-25) que s&#8217;ofereixen a l&#8217;escola i el seus detalls aqu\u00ed: \u00a0 \u00a0 <a href=\"http:\/\/afataularodona.cat\/wp-content\/uploads\/2024\/07\/Cataleg-Extraescolars-24-25.pdf\" target=\"_blank\" rel=\"noopener\"><img decoding=\"async\" class=\"alignnone wp-image-5124\" src=\"http:\/\/afataularodona.cat\/wp-content\/uploads\/2024\/04\/PDF_file_icon-150x150.png\" alt=\"Cat\u00e0leg d'extraescolars\" width=\"50\" height=\"61\" \/><\/a><\/p>\n<p><strong>A la part final del cat\u00e0leg podeu consultar la normativa interna de les activitats extraescolars d&#8217;obligat compliment.<\/strong><\/p>\n<p>Per qualsevol consulta relacionada amb les activitats extraescolars podeu contactar amb la comissi\u00f3 a trav\u00e9s del seu correu electr\u00f2nic:\u00a0<a style=\"background-color: #ffffff; text-align: start;\" href=\"mailto:extraescolars.afataularodona@gmail.com\">extraescolars.afataularodona@gmail.com<\/a><span style=\"text-align: start;\">.<\/span><\/p>\n<p>\u00a0<\/p>\t\t\t\t\t\t<\/div>\n\t\t\t\t<\/div>\n\t\t\t\t\t<\/div>\n\t\t<\/div>\n\t\t\t\t<div class=\"elementor-column elementor-col-50 elementor-inner-column elementor-element elementor-element-2bc5c2f\" data-id=\"2bc5c2f\" data-element_type=\"column\">\n\t\t\t<div class=\"elementor-widget-wrap elementor-element-populated\">\n\t\t\t\t\t\t<div class=\"elementor-element elementor-element-9847c8b elementor-widget elementor-widget-image\" data-id=\"9847c8b\" data-element_type=\"widget\" data-widget_type=\"image.default\">\n\t\t\t\t<div class=\"elementor-widget-container\">\n\t\t\t\t\t\t\t\t\t\t\t\t\t<img fetchpriority=\"high\" decoding=\"async\" width=\"196\" height=\"300\" src=\"http:\/\/afataularodona.cat\/wp-content\/uploads\/2024\/05\/Extraescolars-196x300.png\" class=\"attachment-medium size-medium wp-image-5666\" alt=\"\" srcset=\"http:\/\/afataularodona.cat\/wp-content\/uploads\/2024\/05\/Extraescolars-196x300.png 196w, http:\/\/afataularodona.cat\/wp-content\/uploads\/2024\/05\/Extraescolars.png 408w\" sizes=\"(max-width: 196px) 100vw, 196px\" \/>\t\t\t\t\t\t\t\t\t\t\t\t\t<\/div>\n\t\t\t\t<\/div>\n\t\t\t\t\t<\/div>\n\t\t<\/div>\n\t\t\t\t\t<\/div>\n\t\t<\/section>\n\t\t\t\t<div class=\"elementor-element elementor-element-0cd303e elementor-widget elementor-widget-menu-anchor\" data-id=\"0cd303e\" data-element_type=\"widget\" data-widget_type=\"menu-anchor.default\">\n\t\t\t\t<div class=\"elementor-widget-container\">\n\t\t\t\t\t<div id=\"casals\" class=\"elementor-menu-anchor\"><\/div>\n\t\t\t\t<\/div>\n\t\t\t\t<\/div>\n\t\t\t\t<div class=\"elementor-element elementor-element-5755853 elementor-widget elementor-widget-text-editor\" data-id=\"5755853\" data-element_type=\"widget\" data-widget_type=\"text-editor.default\">\n\t\t\t\t<div class=\"elementor-widget-container\">\n\t\t\t\t\t\t\t<h2>Casals i ludoteques<\/h2>\n<p><!-- \/wp:paragraph --><\/p>\t\t\t\t\t\t<\/div>\n\t\t\t\t<\/div>\n\t\t\t\t<section class=\"elementor-section elementor-inner-section elementor-element elementor-element-0cd7738 elementor-section-boxed elementor-section-height-default elementor-section-height-default\" data-id=\"0cd7738\" data-element_type=\"section\">\n\t\t\t\t\t\t<div class=\"elementor-container elementor-column-gap-default\">\n\t\t\t\t\t<div class=\"elementor-column elementor-col-50 elementor-inner-column elementor-element elementor-element-589fcc2\" data-id=\"589fcc2\" data-element_type=\"column\">\n\t\t\t<div class=\"elementor-widget-wrap elementor-element-populated\">\n\t\t\t\t\t\t<div class=\"elementor-element elementor-element-dc1d803 elementor-widget elementor-widget-text-editor\" data-id=\"dc1d803\" data-element_type=\"widget\" data-widget_type=\"text-editor.default\">\n\t\t\t\t<div class=\"elementor-widget-container\">\n\t\t\t\t\t\t\t<p><span style=\"font-size: 18px;\">Els dies de lliure elecci\u00f3 o els dies amb jornada intensiva, l\u2019AFA ofereix ludoteques per tal de facilitar la conciliaci\u00f3 laboral i familiar.<\/span><\/p>\n<p>Per altra banda, una vegada acabat el curs, l&#8217;escola tamb\u00e9 ofereix un casal d\u2019estiu. El <strong>casal de 2025<\/strong> el gestionar\u00e0 Aramark. Aqu\u00ed podeu consultar tots els detalls:\u00a0\u00a0<a style=\"background-color: #ffffff;\" href=\"http:\/\/afataularodona.cat\/wp-content\/uploads\/2025\/05\/Casal-Estiu-2025.pdf\" target=\"_blank\" rel=\"noopener\"><img loading=\"lazy\" decoding=\"async\" class=\"alignnone wp-image-5124\" src=\"http:\/\/afataularodona.cat\/wp-content\/uploads\/2024\/04\/PDF_file_icon-150x150.png\" alt=\"Casal d'Estiu 2025\" width=\"50\" height=\"61\" \/><\/a><\/p>\n<p><!-- \/wp:paragraph --><\/p>\t\t\t\t\t\t<\/div>\n\t\t\t\t<\/div>\n\t\t\t\t\t<\/div>\n\t\t<\/div>\n\t\t\t\t<div class=\"elementor-column elementor-col-50 elementor-inner-column elementor-element elementor-element-a0757bf\" data-id=\"a0757bf\" data-element_type=\"column\">\n\t\t\t<div class=\"elementor-widget-wrap elementor-element-populated\">\n\t\t\t\t\t\t<div class=\"elementor-element elementor-element-3827b03 elementor-widget__width-initial elementor-widget elementor-widget-image\" data-id=\"3827b03\" data-element_type=\"widget\" data-widget_type=\"image.default\">\n\t\t\t\t<div class=\"elementor-widget-container\">\n\t\t\t\t\t\t\t\t\t\t\t\t\t<img loading=\"lazy\" decoding=\"async\" width=\"212\" height=\"300\" src=\"http:\/\/afataularodona.cat\/wp-content\/uploads\/2025\/05\/CasalEstiu2025-212x300.jpg\" class=\"attachment-medium size-medium wp-image-5883\" alt=\"\" srcset=\"http:\/\/afataularodona.cat\/wp-content\/uploads\/2025\/05\/CasalEstiu2025-212x300.jpg 212w, http:\/\/afataularodona.cat\/wp-content\/uploads\/2025\/05\/CasalEstiu2025-724x1024.jpg 724w, http:\/\/afataularodona.cat\/wp-content\/uploads\/2025\/05\/CasalEstiu2025-768x1086.jpg 768w, http:\/\/afataularodona.cat\/wp-content\/uploads\/2025\/05\/CasalEstiu2025-1087x1536.jpg 1087w, http:\/\/afataularodona.cat\/wp-content\/uploads\/2025\/05\/CasalEstiu2025.jpg 1132w\" sizes=\"(max-width: 212px) 100vw, 212px\" \/>\t\t\t\t\t\t\t\t\t\t\t\t\t<\/div>\n\t\t\t\t<\/div>\n\t\t\t\t\t<\/div>\n\t\t<\/div>\n\t\t\t\t\t<\/div>\n\t\t<\/section>\n\t\t\t\t\t<\/div>\n\t\t<\/div>\n\t\t\t\t\t<\/div>\n\t\t<\/section>\n\t\t\t\t<\/div>\n\t\t","protected":false},"excerpt":{"rendered":"<p>Quins serveis organitza l\u2019AFA? L&#8217;AFA, entre d&#8217;altres, gestiona els seg\u00fcents serveis: Asseguran\u00e7a nominal. SAM (Servei d&#8217;Acollida Matinal) i SAT (Servei &hellip; <\/p>\n","protected":false},"author":1,"featured_media":0,"parent":0,"menu_order":0,"comment_status":"closed","ping_status":"closed","template":"","meta":{"footnotes":""},"class_list":["post-4740","page","type-page","status-publish","hentry"],"_links":{"self":[{"href":"http:\/\/afataularodona.cat\/index.php\/wp-json\/wp\/v2\/pages\/4740","targetHints":{"allow":["GET"]}}],"collection":[{"href":"http:\/\/afataularodona.cat\/index.php\/wp-json\/wp\/v2\/pages"}],"about":[{"href":"http:\/\/afataularodona.cat\/index.php\/wp-json\/wp\/v2\/types\/page"}],"author":[{"embeddable":true,"href":"http:\/\/afataularodona.cat\/index.php\/wp-json\/wp\/v2\/users\/1"}],"replies":[{"embeddable":true,"href":"http:\/\/afataularodona.cat\/index.php\/wp-json\/wp\/v2\/comments?post=4740"}],"version-history":[{"count":196,"href":"http:\/\/afataularodona.cat\/index.php\/wp-json\/wp\/v2\/pages\/4740\/revisions"}],"predecessor-version":[{"id":5902,"href":"http:\/\/afataularodona.cat\/index.php\/wp-json\/wp\/v2\/pages\/4740\/revisions\/5902"}],"wp:attachment":[{"href":"http:\/\/afataularodona.cat\/index.php\/wp-json\/wp\/v2\/media?parent=4740"}],"curies":[{"name":"wp","href":"https:\/\/api.w.org\/{rel}","templated":true}]}}